{"id":5276,"date":"2024-07-19T12:39:18","date_gmt":"2024-07-19T12:39:18","guid":{"rendered":"https:\/\/bloc4.coop\/internacionalizacion\/"},"modified":"2025-05-30T15:25:25","modified_gmt":"2025-05-30T15:25:25","slug":"internacionalizacion","status":"publish","type":"page","link":"https:\/\/bloc4.coop\/es\/servicios\/internacionalizacion\/","title":{"rendered":"Internacionalizaci\u00f3n"},"content":{"rendered":"\t\t<div data-elementor-type=\"wp-page\" data-elementor-id=\"5276\" class=\"elementor elementor-5276 elementor-3820\" data-elementor-post-type=\"page\">\n\t\t\t\t<div class=\"elementor-element elementor-element-310302d e-con-full e-flex e-con e-parent\" data-id=\"310302d\" data-element_type=\"container\" data-e-type=\"container\" data-settings=\"{&quot;background_background&quot;:&quot;classic&quot;}\">\n\t\t<div class=\"elementor-element elementor-element-3eed031 e-con-full e-flex e-con e-child\" data-id=\"3eed031\" data-element_type=\"container\" data-e-type=\"container\">\n\t\t<div class=\"elementor-element elementor-element-b5b5197 e-con-full e-flex e-con e-child\" data-id=\"b5b5197\" data-element_type=\"container\" data-e-type=\"container\">\n\t\t\t\t<div class=\"elementor-element elementor-element-8f7f560 elementor-align-right elementor-mobile-align-left elementor-widget elementor-widget-button\" data-id=\"8f7f560\" data-element_type=\"widget\" data-e-type=\"widget\" data-widget_type=\"button.default\">\n\t\t\t\t<div class=\"elementor-widget-container\">\n\t\t\t\t\t\t\t\t\t<div class=\"elementor-button-wrapper\">\n\t\t\t\t\t<a class=\"elementor-button elementor-button-link elementor-size-sm\" href=\"https:\/\/bloc4.coop\/es\/servicios\/\">\n\t\t\t\t\t\t<span class=\"elementor-button-content-wrapper\">\n\t\t\t\t\t\t<span class=\"elementor-button-icon\">\n\t\t\t\t<i aria-hidden=\"true\" class=\"far fa-arrow-left\"><\/i>\t\t\t<\/span>\n\t\t\t\t\t\t\t\t\t<span class=\"elementor-button-text\">Servicios<\/span>\n\t\t\t\t\t<\/span>\n\t\t\t\t\t<\/a>\n\t\t\t\t<\/div>\n\t\t\t\t\t\t\t\t<\/div>\n\t\t\t\t<\/div>\n\t\t\t\t<div data-dce-title-color=\"#1B1B1B\" class=\"elementor-element elementor-element-50afe0d elementor-widget__width-initial elementor-widget-mobile__width-inherit elementor-widget elementor-widget-heading\" data-id=\"50afe0d\" data-element_type=\"widget\" data-e-type=\"widget\" data-widget_type=\"heading.default\">\n\t\t\t\t<div class=\"elementor-widget-container\">\n\t\t\t\t\t<h1 class=\"elementor-heading-title elementor-size-default\">Internacionalizaci\u00f3n<\/h1>\t\t\t\t<\/div>\n\t\t\t\t<\/div>\n\t\t\t\t<\/div>\n\t\t\t\t<div class=\"elementor-element elementor-element-dc1ad60 elementor-hidden-mobile elementor-widget-divider--view-line elementor-widget elementor-widget-divider\" data-id=\"dc1ad60\" data-element_type=\"widget\" data-e-type=\"widget\" data-widget_type=\"divider.default\">\n\t\t\t\t<div class=\"elementor-widget-container\">\n\t\t\t\t\t\t\t<div class=\"elementor-divider\">\n\t\t\t<span class=\"elementor-divider-separator\">\n\t\t\t\t\t\t<\/span>\n\t\t<\/div>\n\t\t\t\t\t\t<\/div>\n\t\t\t\t<\/div>\n\t\t<div class=\"elementor-element elementor-element-8b47380 e-con-full e-flex e-con e-child\" data-id=\"8b47380\" data-element_type=\"container\" data-e-type=\"container\">\n\t\t<div class=\"elementor-element elementor-element-56db840 e-con-full e-flex e-con e-child\" data-id=\"56db840\" data-element_type=\"container\" data-e-type=\"container\" data-settings=\"{&quot;background_background&quot;:&quot;classic&quot;}\">\n\t\t\t\t<div data-dce-title-color=\"#1B1B1B\" class=\"elementor-element elementor-element-8be1dea elementor-widget elementor-widget-heading\" data-id=\"8be1dea\" data-element_type=\"widget\" data-e-type=\"widget\" data-widget_type=\"heading.default\">\n\t\t\t\t<div class=\"elementor-widget-container\">\n\t\t\t\t\t<h2 class=\"elementor-heading-title elementor-size-default\">El servicio de internacionalizaci\u00f3n, liderado por la Confederaci\u00f3n de Cooperativas de Catalu\u00f1a, quiere impulsar la interconexi\u00f3n del tejido cooperativo catal\u00e1n con otras regiones del mundo a trav\u00e9s de alianzas internacionales y la participaci\u00f3n activa en eventos y convocatorias internacionales.<\/h2>\t\t\t\t<\/div>\n\t\t\t\t<\/div>\n\t\t\t\t<div data-dce-title-color=\"#1B1B1B\" class=\"elementor-element elementor-element-eb08dab elementor-widget elementor-widget-heading\" data-id=\"eb08dab\" data-element_type=\"widget\" data-e-type=\"widget\" data-widget_type=\"heading.default\">\n\t\t\t\t<div class=\"elementor-widget-container\">\n\t\t\t\t\t<h3 class=\"elementor-heading-title elementor-size-default\">Adem\u00e1s, tambi\u00e9n busca hacer de Bloc4BCN el punto de referencia para cooperativas extranjeras que busquen establecerse en Catalu\u00f1a, proporcionando apoyo integral, orientaci\u00f3n y herramientas esenciales para facilitar la creaci\u00f3n de una red local y consolidar su presencia en el territorio.<\/h3>\t\t\t\t<\/div>\n\t\t\t\t<\/div>\n\t\t\t\t<\/div>\n\t\t\t\t<\/div>\n\t\t\t\t<\/div>\n\t\t\t\t<\/div>\n\t\t<div class=\"elementor-element elementor-element-53d998e e-con-full e-flex e-con e-parent\" data-id=\"53d998e\" data-element_type=\"container\" data-e-type=\"container\" data-settings=\"{&quot;background_background&quot;:&quot;classic&quot;}\">\n\t\t<div class=\"elementor-element elementor-element-caf9951 e-con-full e-flex e-con e-child\" data-id=\"caf9951\" data-element_type=\"container\" data-e-type=\"container\">\n\t\t\t\t<div class=\"elementor-element elementor-element-60ea2bf elementor-widget-divider--view-line elementor-widget elementor-widget-divider\" data-id=\"60ea2bf\" data-element_type=\"widget\" data-e-type=\"widget\" data-widget_type=\"divider.default\">\n\t\t\t\t<div class=\"elementor-widget-container\">\n\t\t\t\t\t\t\t<div class=\"elementor-divider\">\n\t\t\t<span class=\"elementor-divider-separator\">\n\t\t\t\t\t\t<\/span>\n\t\t<\/div>\n\t\t\t\t\t\t<\/div>\n\t\t\t\t<\/div>\n\t\t<div class=\"elementor-element elementor-element-5aeb39e e-con-full e-flex e-con e-child\" data-id=\"5aeb39e\" data-element_type=\"container\" data-e-type=\"container\">\n\t\t<div class=\"elementor-element elementor-element-f7f5119 e-con-full e-flex e-con e-child\" data-id=\"f7f5119\" data-element_type=\"container\" data-e-type=\"container\">\n\t\t<div class=\"elementor-element elementor-element-75529ba e-con-full e-flex e-con e-child\" data-id=\"75529ba\" data-element_type=\"container\" data-e-type=\"container\">\n\t\t\t\t<div class=\"elementor-element elementor-element-50fdaf5 elementor-widget elementor-widget-heading\" data-id=\"50fdaf5\" data-element_type=\"widget\" data-e-type=\"widget\" data-widget_type=\"heading.default\">\n\t\t\t\t<div class=\"elementor-widget-container\">\n\t\t\t\t\t<h3 class=\"elementor-heading-title elementor-size-default\">1. Polo de atracci\u00f3n de cooperativas<\/h3>\t\t\t\t<\/div>\n\t\t\t\t<\/div>\n\t\t\t\t<div class=\"elementor-element elementor-element-337e862 elementor-widget elementor-widget-text-editor\" data-id=\"337e862\" data-element_type=\"widget\" data-e-type=\"widget\" data-widget_type=\"text-editor.default\">\n\t\t\t\t<div class=\"elementor-widget-container\">\n\t\t\t\t\t\t\t\t\t<p>A trav\u00e9s del servicio de internacionalizaci\u00f3n, Bloc4BCN quiere fortalecer y hacer crecer el cooperativismo, mejorando su empleo y presencia en sectores considerados estrat\u00e9gicos.<\/p><p>Adem\u00e1s, es esencial destacar la oportunidad de transferir buenas pr\u00e1cticas entre cooperativas locales e internacionales para mejorar la competitividad del ecosistema local.<\/p><p>A trav\u00e9s del polo de atracci\u00f3n de las cooperativas, se desarrollar\u00e1n servicios esenciales al cooperativismo que actualmente son escasos en el mercado local y son considerados estrat\u00e9gicos.<\/p><p>Hagamos de Bloc4BCN un espacio de referencia para cooperativas de otros pa\u00edses que busquen establecerse en Catalu\u00f1a y ayudemos a expandir el cooperativismo globalmente.<\/p>\t\t\t\t\t\t\t\t<\/div>\n\t\t\t\t<\/div>\n\t\t\t\t<\/div>\n\t\t<div class=\"elementor-element elementor-element-2b6e909 e-con-full e-flex e-con e-child\" data-id=\"2b6e909\" data-element_type=\"container\" data-e-type=\"container\">\n\t\t\t\t<div class=\"elementor-element elementor-element-87820f3 elementor-widget elementor-widget-heading\" data-id=\"87820f3\" data-element_type=\"widget\" data-e-type=\"widget\" data-widget_type=\"heading.default\">\n\t\t\t\t<div class=\"elementor-widget-container\">\n\t\t\t\t\t<h3 class=\"elementor-heading-title elementor-size-default\">2. \u00bfEres una cooperativa de Catalu\u00f1a y buscas c\u00f3mo expandir tu oferta a otros pa\u00edses? \u00bfQuieres participar en licitaciones internacionales o acceder a licitaciones de la Uni\u00f3n Europea?<\/h3>\t\t\t\t<\/div>\n\t\t\t\t<\/div>\n\t\t\t\t<div class=\"elementor-element elementor-element-5a4c6be elementor-widget elementor-widget-text-editor\" data-id=\"5a4c6be\" data-element_type=\"widget\" data-e-type=\"widget\" data-widget_type=\"text-editor.default\">\n\t\t\t\t<div class=\"elementor-widget-container\">\n\t\t\t\t\t\t\t\t\t<div data-id=\"822f241\" data-element_type=\"container\" data-settings=\"{&quot;content_width&quot;:&quot;full&quot;,&quot;container_type&quot;:&quot;flex&quot;}\"><div data-id=\"001ee4e\" data-element_type=\"widget\" data-widget_type=\"text-editor.default\"><p>Desde el servicio de internacionalizaci\u00f3n, te acompa\u00f1amos en el impulso de tu plan de expansi\u00f3n, potenciando un aumento de los ingresos y el empleo.<\/p><p>Adem\u00e1s, tambi\u00e9n te facilitaremos habilidades, herramientas, recursos y asistencia para poder participar en proyectos europeos.<\/p><p>Creamos oportunidades globales para el cooperativismo generando conocimiento sobre las posibilidades y oportunidades disponibles en otros pa\u00edses. Aportamos una visi\u00f3n estrat\u00e9gica para expandir las iniciativas a nivel internacional.<\/p><\/div><\/div>\t\t\t\t\t\t\t\t<\/div>\n\t\t\t\t<\/div>\n\t\t\t\t<div data-dce-background-color=\"#1B1B1B\" class=\"elementor-element elementor-element-8c02a23 elementor-mobile-align-justify elementor-widget elementor-widget-button\" data-id=\"8c02a23\" data-element_type=\"widget\" data-e-type=\"widget\" data-widget_type=\"button.default\">\n\t\t\t\t<div class=\"elementor-widget-container\">\n\t\t\t\t\t\t\t\t\t<div class=\"elementor-button-wrapper\">\n\t\t\t\t\t<a class=\"elementor-button elementor-button-link elementor-size-md\" href=\"https:\/\/cooperativescatalunya.coop\/es\/projectes\/internacionalitzacio-2\/\" target=\"_blank\" rel=\"noopener\">\n\t\t\t\t\t\t<span class=\"elementor-button-content-wrapper\">\n\t\t\t\t\t\t\t\t\t<span class=\"elementor-button-text\">M\u00e1s informaci\u00f3n<\/span>\n\t\t\t\t\t<\/span>\n\t\t\t\t\t<\/a>\n\t\t\t\t<\/div>\n\t\t\t\t\t\t\t\t<\/div>\n\t\t\t\t<\/div>\n\t\t\t\t<\/div>\n\t\t\t\t<\/div>\n\t\t\t\t<\/div>\n\t\t\t\t<\/div>\n\t\t\t\t<\/div>\n\t\t\t\t<\/div>\n\t\t","protected":false},"excerpt":{"rendered":"<p>Servicios El servicio de internacionalizaci\u00f3n, liderado por la Confederaci\u00f3n de Cooperativas de Catalu\u00f1a, quiere impulsar la interconexi\u00f3n del tejido cooperativo catal\u00e1n con otras regiones del mundo a trav\u00e9s de alianzas internacionales y la participaci\u00f3n activa en eventos y convocatorias internacionales. Adem\u00e1s, tambi\u00e9n busca hacer de Bloc4BCN el punto de referencia para cooperativas extranjeras que busquen [&hellip;]<\/p>\n","protected":false},"author":1,"featured_media":0,"parent":5320,"menu_order":4,"comment_status":"closed","ping_status":"closed","template":"","meta":{"_acf_changed":false,"footnotes":""},"class_list":["post-5276","page","type-page","status-publish","hentry"],"acf":[],"_links":{"self":[{"href":"https:\/\/bloc4.coop\/es\/wp-json\/wp\/v2\/pages\/5276","targetHints":{"allow":["GET"]}}],"collection":[{"href":"https:\/\/bloc4.coop\/es\/wp-json\/wp\/v2\/pages"}],"about":[{"href":"https:\/\/bloc4.coop\/es\/wp-json\/wp\/v2\/types\/page"}],"author":[{"embeddable":true,"href":"https:\/\/bloc4.coop\/es\/wp-json\/wp\/v2\/users\/1"}],"replies":[{"embeddable":true,"href":"https:\/\/bloc4.coop\/es\/wp-json\/wp\/v2\/comments?post=5276"}],"version-history":[{"count":2,"href":"https:\/\/bloc4.coop\/es\/wp-json\/wp\/v2\/pages\/5276\/revisions"}],"predecessor-version":[{"id":5326,"href":"https:\/\/bloc4.coop\/es\/wp-json\/wp\/v2\/pages\/5276\/revisions\/5326"}],"up":[{"embeddable":true,"href":"https:\/\/bloc4.coop\/es\/wp-json\/wp\/v2\/pages\/5320"}],"wp:attachment":[{"href":"https:\/\/bloc4.coop\/es\/wp-json\/wp\/v2\/media?parent=5276"}],"curies":[{"name":"wp","href":"https:\/\/api.w.org\/{rel}","templated":true}]}}