{"id":5349,"date":"2023-11-02T12:02:57","date_gmt":"2023-11-02T12:02:57","guid":{"rendered":"https:\/\/bloc4.coop\/aviso-legal\/"},"modified":"2025-05-30T15:27:10","modified_gmt":"2025-05-30T15:27:10","slug":"aviso-legal","status":"publish","type":"page","link":"https:\/\/bloc4.coop\/es\/aviso-legal\/","title":{"rendered":"Aviso legal"},"content":{"rendered":"\t\t<div data-elementor-type=\"wp-page\" data-elementor-id=\"5349\" class=\"elementor elementor-5349 elementor-962\" data-elementor-post-type=\"page\">\n\t\t\t\t<div class=\"elementor-element elementor-element-edb5558 e-con-full e-flex e-con e-parent\" data-id=\"edb5558\" data-element_type=\"container\" data-e-type=\"container\">\n\t\t<div data-dce-background-image-url=\"https:\/\/bloc4.coop\/wp-content\/uploads\/endolls-bloc4.jpg\" class=\"elementor-element elementor-element-2b76a29 e-con-full e-flex e-con e-child\" data-id=\"2b76a29\" data-element_type=\"container\" data-e-type=\"container\" data-settings=\"{&quot;background_background&quot;:&quot;classic&quot;,&quot;sticky&quot;:&quot;top&quot;,&quot;sticky_parent&quot;:&quot;yes&quot;,&quot;sticky_on&quot;:[&quot;desktop&quot;],&quot;sticky_offset&quot;:0,&quot;sticky_effects_offset&quot;:0,&quot;sticky_anchor_link_offset&quot;:0}\">\n\t\t\t\t<\/div>\n\t\t<div class=\"elementor-element elementor-element-64e3c54 e-con-full e-flex e-con e-child\" data-id=\"64e3c54\" data-element_type=\"container\" data-e-type=\"container\" data-settings=\"{&quot;background_background&quot;:&quot;classic&quot;}\">\n\t\t\t\t<div data-dce-title-color=\"#1B1B1B\" class=\"elementor-element elementor-element-5c81de2 elementor-widget elementor-widget-heading\" data-id=\"5c81de2\" data-element_type=\"widget\" data-e-type=\"widget\" data-widget_type=\"heading.default\">\n\t\t\t\t<div class=\"elementor-widget-container\">\n\t\t\t\t\t<h1 class=\"elementor-heading-title elementor-size-default\">Aviso legal<\/h1>\t\t\t\t<\/div>\n\t\t\t\t<\/div>\n\t\t\t\t<div class=\"elementor-element elementor-element-7c40e28 elementor-widget elementor-widget-text-editor\" data-id=\"7c40e28\" data-element_type=\"widget\" data-e-type=\"widget\" data-widget_type=\"text-editor.default\">\n\t\t\t\t<div class=\"elementor-widget-container\">\n\t\t\t\t\t\t\t\t\t<p>La Asociaci\u00f3n Bloc 4, responsable del sitio web, en adelante, la RESPONSABLE, pone a disposici\u00f3n de las personas usuarias el presente documento, con el que pretende hacer efectivas las obligaciones establecidas por la Ley 34\/2002, de 11 de julio, de Servicios de la Sociedad de la Informaci\u00f3n y de Comercio Electr\u00f3nico (LSSICE), BOE n\u00ba 166, as\u00ed como informar a todas las personas usuarias del sitio web sobre las condiciones de uso.<\/p><p>Cualquier persona que acceda a este sitio web asume el papel de usuaria y se compromete a la observancia y cumplimiento estricto de las disposiciones establecidas en el mismo, as\u00ed como cualquier otra disposici\u00f3n legal que le sea de aplicaci\u00f3n.<\/p><p>La Asociaci\u00f3n Bloc 4 se reserva el derecho de modificar cualquier tipo de informaci\u00f3n que pueda aparecer en el sitio web, sin obligaci\u00f3n de preavisar o informar a las usuarias de estas obligaciones, ya que la publicaci\u00f3n en el sitio web de la Asociaci\u00f3n Bloc 4 se considera suficiente.<\/p><p>1.DATOS IDENTIFICATIVOS<\/p><p>Nombre de dominio: www.bloc4.coop<\/p><p>Nombre comercial: BLOC4BCN ESPACIO COOPERATIVO<\/p><p>NIF: G-72825425<\/p><p>Domicilio Social: Calle Constituci\u00f3, 19 Bloc 4 (Recinto Can Batll\u00f3) 08014 Barcelona<\/p><p>Correo: <a href=\"mailto:info@bloc4.coop\">info@bloc4.coop<\/a> o protecciodades@bloc4.coop<\/p><p>2.DERECHOS DE PROPIEDAD INTELECTUAL E INDUSTRIAL<\/p><p>El sitio web, incluyendo a t\u00edtulo enunciativo pero no limitativo su programaci\u00f3n, edici\u00f3n, compilaci\u00f3n y otros elementos necesarios para su funcionamiento, dise\u00f1os, logotipos, texto y\/o gr\u00e1ficos, son propiedad de la RESPONSABLE o, en su caso, cuentan con una licencia o autorizaci\u00f3n expresa por parte de su autor\u00eda. Todos los contenidos del sitio web se encuentran debidamente protegidos por la normativa de propiedad intelectual e industrial, as\u00ed como inscritos en los correspondientes registros p\u00fablicos.<\/p><p>Independientemente de la finalidad a la que estuvieran destinados, la reproducci\u00f3n total o parcial, utilizaci\u00f3n, explotaci\u00f3n, distribuci\u00f3n y comercializaci\u00f3n, requiere en todo caso la autorizaci\u00f3n previa y por escrito de la RESPONSABLE.<\/p><p>Cualquier uso no autorizado previamente se considera una infracci\u00f3n grave de los derechos de propiedad intelectual o industrial de la autor\u00eda.<\/p><p>Los dise\u00f1os, logotipos, textos y\/o gr\u00e1ficos ajenos a la RESPONSABLE y que puedan aparecer en el sitio web, pertenecen a sus respectivas propietarias, quienes son responsables de cualquier posible controversia que pueda derivarse de los mismos. La RESPONSABLE autoriza expresamente a terceros a redirigir directamente a los contenidos espec\u00edficos del sitio web, y en cualquier caso redirigir a la p\u00e1gina web principal de www.bloc4.coop<\/p><p>La RESPONSABLE reconoce a favor de sus titulares los correspondientes derechos de propiedad intelectual e industrial, sin que su mera menci\u00f3n o aparici\u00f3n en el sitio web implique la existencia de derechos o responsabilidad sobre los mismos, ni el apoyo, patrocinio o recomendaci\u00f3n por parte de la RESPONSABLE.<\/p><p>Para efectuar cualquier tipo de observaci\u00f3n sobre posibles incumplimientos de los derechos de propiedad intelectual o industrial, as\u00ed como sobre cualquiera de los contenidos del sitio web, pod\u00e9is hacerlo a trav\u00e9s del correo electr\u00f3nico protecciodades@bloc4.coop\u00a0<\/p><p>3.EXENCI\u00d3N DE RESPONSABILIDADES<\/p><p>La RESPONSABLE se exime de cualquier tipo de responsabilidad derivada de la informaci\u00f3n publicada en su sitio web siempre que no tenga conocimiento efectivo de que dicha informaci\u00f3n haya sido manipulada o entrometida por un tercero o, en caso que ten\u00eda conocimiento, haya actuado con diligencia para retirar los datos o imposibilitar el acceso a los mismos.\u00a0<\/p><p>Uso de cookies\u00a0<\/p><p>Este sitio web puede utilizar cookies t\u00e9cnicas (peque\u00f1os archivos de informaci\u00f3n que el servidor env\u00eda al ordenador de la persona que accede a la p\u00e1gina) para llevar a cabo determinadas funciones que se consideran esenciales para el correcto funcionamiento y visualizaci\u00f3n del sitio web. Las cookies utilizadas tienen, en todo caso, car\u00e1cter temporal, con la \u00fanica finalidad de hacer que la navegaci\u00f3n sea m\u00e1s eficiente, y desaparecen al finalizar la sesi\u00f3n de la persona usuaria. En ning\u00fan caso, estas cookies proporcionan por si mismas datos de car\u00e1cter personal y no se utilizar\u00e1n para recopilar datos de este tipo.\u00a0<\/p><p>Mediante el uso de cookies, tambi\u00e9n es posible que el servidor donde se encuentra el sitio web reconozca el navegador utilizado por la persona usuaria, con el fin de que la navegaci\u00f3n sea m\u00e1s sencilla, permitiendo, por ejemplo, el acceso de las usuarias que se hayan registrado previamente a las \u00e1reas, servicios, promociones o concursos reservados exclusivamente para ellas sin tener que registrarse en cada visita. Tambi\u00e9n se pueden utilizar para medir la audiencia y los par\u00e1metros de tr\u00e1fico, y para controlar el progreso y el n\u00famero de entradas, etc. En estos casos, las cookies son prescindibles t\u00e9cnicamente pero beneficiosas para la usuaria. Este sitio web no instalar\u00e1 cookies prescindibles sin el consentimiento previo de la usuaria.<\/p><p>Esta p\u00e1gina web usa cookies.<\/p><p>Pol\u00edtica de enlaces<\/p><p>Desde el sitio web, es posible que se redirija a contenidos de sitios web de terceros. Dado que la RESPONSABLE no siempre puede controlar el contenido introducido por terceros en sus respectivos sitios web, no asume ninguna responsabilidad sobre dicho contenido. En cualquier caso, eliminar\u00e1 inmediatamente cualquier contenido que pueda infringir la legislaci\u00f3n nacional o internacional, la moral o el orden p\u00fablico, eliminando inmediatamente el redireccionamiento a este sitio web e informando a las autoridades competentes del contenido en cuesti\u00f3n.<\/p><p>La RESPONSABLE no se hace responsable de la informaci\u00f3n y contenidos almacenados, a t\u00edtulo enunciativo pero no limitativo a foros, chats, generadores de blogs, comentarios, redes sociales o cualquier otro medio que permita a terceros publicar contenidos de forma independiente en la p\u00e1gina web de la RESPONSABLE. Sin embargo, y en cumplimiento de lo dispuesto en los art\u00edculos 11 y 16 de la LSSICE, se pone a disposici\u00f3n de todas las personas usuarias, autoridades y fuerzas de seguridad que colaboran de forma activa en la retirada o, en su caso, el bloqueo de todos aquellos contenidos que puedan afectar o transgredir la legislaci\u00f3n nacional o internacional, los derechos de terceros o la moral y el orden p\u00fablico. En el caso de que la persona usuaria considere que el sitio web contiene material que pueda estar sujeto a esta clasificaci\u00f3n, rogamos que lo notifique inmediatamente a la administraci\u00f3n del sitio web. Este sitio web ha sido revisado y probado para su correcto funcionamiento. En principio, se puede garantizar que funcionar\u00e1 correctamente los 365 d\u00edas del a\u00f1o y las 24 horas del d\u00eda. No obstante, la RESPONSABLE no descarta la posibilidad de que se produzcan errores de programaci\u00f3n, o que tengan lugar causas de fuerza mayor, cat\u00e1strofes naturales, huelgas o circunstancias similares que imposibiliten el acceso al sitio web.<\/p><p>DIRECCIONES IP\u00a0<\/p><p>Los servidores del sitio web podr\u00e1n detectar autom\u00e1ticamente la direcci\u00f3n IP y el nombre de dominio utilizados por la persona usuaria. Una direcci\u00f3n IP es un n\u00famero asignado autom\u00e1ticamente a un ordenador cuando se conecta a Internet. Toda esta informaci\u00f3n queda registrada en un fichero de actividad del servidor debidamente inscrito que permite tratar los datos posteriormente con el fin de obtener mediciones \u00fanicamente estad\u00edsticas que permitan conocer el n\u00famero de impresiones de la p\u00e1ginas, el n\u00famero de visitas realizadas en los servidores web, el orden de visitas, el punto de acceso, etc.<\/p><p>4.LEY APLICABLE Y JURISDICCI\u00d3N<\/p><p>Para la resoluci\u00f3n de todas las controversias o cuestiones relacionadas con este sitio web o de las actividades desarrolladas en el mismo, se aplicar\u00e1 la legislaci\u00f3n espa\u00f1ola, a la que se someten expresamente las partes, que tendr\u00e1n competencia suficiente para la resoluci\u00f3n de todos los conflictos derivados o relacionados con su uso, los Juzgados y Tribunales del domicilio de la persona USUARIA o del lugar de cumplimiento de la obligaci\u00f3n.<\/p>\t\t\t\t\t\t\t\t<\/div>\n\t\t\t\t<\/div>\n\t\t\t\t<\/div>\n\t\t\t\t<\/div>\n\t\t\t\t<\/div>\n\t\t","protected":false},"excerpt":{"rendered":"<p>La Asociaci\u00f3n Bloc 4, responsable del sitio web, en adelante, la RESPONSABLE, pone a disposici\u00f3n de las personas usuarias el presente documento, con el que pretende hacer efectivas las obligaciones establecidas por la Ley 34\/2002, de 11 de julio, de Servicios de la Sociedad de la Informaci\u00f3n y de Comercio Electr\u00f3nico (LSSICE), BOE n\u00ba 166, [&hellip;]<\/p>\n","protected":false},"author":1,"featured_media":0,"parent":0,"menu_order":15,"comment_status":"closed","ping_status":"closed","template":"","meta":{"_acf_changed":false,"footnotes":""},"class_list":["post-5349","page","type-page","status-publish","hentry"],"acf":[],"_links":{"self":[{"href":"https:\/\/bloc4.coop\/es\/wp-json\/wp\/v2\/pages\/5349","targetHints":{"allow":["GET"]}}],"collection":[{"href":"https:\/\/bloc4.coop\/es\/wp-json\/wp\/v2\/pages"}],"about":[{"href":"https:\/\/bloc4.coop\/es\/wp-json\/wp\/v2\/types\/page"}],"author":[{"embeddable":true,"href":"https:\/\/bloc4.coop\/es\/wp-json\/wp\/v2\/users\/1"}],"replies":[{"embeddable":true,"href":"https:\/\/bloc4.coop\/es\/wp-json\/wp\/v2\/comments?post=5349"}],"version-history":[{"count":1,"href":"https:\/\/bloc4.coop\/es\/wp-json\/wp\/v2\/pages\/5349\/revisions"}],"predecessor-version":[{"id":5350,"href":"https:\/\/bloc4.coop\/es\/wp-json\/wp\/v2\/pages\/5349\/revisions\/5350"}],"wp:attachment":[{"href":"https:\/\/bloc4.coop\/es\/wp-json\/wp\/v2\/media?parent=5349"}],"curies":[{"name":"wp","href":"https:\/\/api.w.org\/{rel}","templated":true}]}}