{"id":1349,"date":"2025-05-23T08:42:49","date_gmt":"2025-05-23T08:42:49","guid":{"rendered":"https:\/\/bloc4.coop\/jovess\/?page_id=1349"},"modified":"2026-01-16T09:23:22","modified_gmt":"2026-01-16T09:23:22","slug":"mapess","status":"publish","type":"page","link":"https:\/\/bloc4.coop\/jovess\/eines\/mapess\/","title":{"rendered":"MapESS"},"content":{"rendered":"\t\t<div data-elementor-type=\"wp-page\" data-elementor-id=\"1349\" class=\"elementor elementor-1349\" data-elementor-post-type=\"page\">\n\t\t\t\t<div class=\"elementor-element elementor-element-e211d67 e-con-full e-flex e-con e-parent\" data-id=\"e211d67\" data-element_type=\"container\" data-e-type=\"container\" data-settings=\"{&quot;background_background&quot;:&quot;classic&quot;}\">\n\t\t<div class=\"elementor-element elementor-element-61429d1 e-con-full e-flex e-con e-child\" data-id=\"61429d1\" data-element_type=\"container\" data-e-type=\"container\">\n\t\t\t\t<div class=\"elementor-element elementor-element-1bdccd3 elementor-widget elementor-widget-heading\" data-id=\"1bdccd3\" data-element_type=\"widget\" data-e-type=\"widget\" data-widget_type=\"heading.default\">\n\t\t\t\t<div class=\"elementor-widget-container\">\n\t\t\t\t\t<p class=\"elementor-heading-title elementor-size-default\"><a href=\"https:\/\/bloc4.coop\/jovess\/eines\/\">Tornar a eines<\/a><\/p>\t\t\t\t<\/div>\n\t\t\t\t<\/div>\n\t\t\t\t<div class=\"elementor-element elementor-element-f39e991 elementor-widget elementor-widget-spacer\" data-id=\"f39e991\" data-element_type=\"widget\" data-e-type=\"widget\" data-widget_type=\"spacer.default\">\n\t\t\t\t<div class=\"elementor-widget-container\">\n\t\t\t\t\t\t\t<div class=\"elementor-spacer\">\n\t\t\t<div class=\"elementor-spacer-inner\"><\/div>\n\t\t<\/div>\n\t\t\t\t\t\t<\/div>\n\t\t\t\t<\/div>\n\t\t\t\t<div class=\"elementor-element elementor-element-70d1cf3 elementor-widget__width-inherit elementor-widget elementor-widget-heading\" data-id=\"70d1cf3\" data-element_type=\"widget\" data-e-type=\"widget\" data-widget_type=\"heading.default\">\n\t\t\t\t<div class=\"elementor-widget-container\">\n\t\t\t\t\t<h1 class=\"elementor-heading-title elementor-size-default\">MapESS<\/h1>\t\t\t\t<\/div>\n\t\t\t\t<\/div>\n\t\t\t\t<div class=\"elementor-element elementor-element-16d8532 elementor-widget__width-inherit elementor-widget elementor-widget-heading\" data-id=\"16d8532\" data-element_type=\"widget\" data-e-type=\"widget\" data-widget_type=\"heading.default\">\n\t\t\t\t<div class=\"elementor-widget-container\">\n\t\t\t\t\t<h2 class=\"elementor-heading-title elementor-size-default\">Apropa\u2019t a l\u2019Espai JovESS i descobreix tot all\u00f2 que t\u2019interessa i que \u00e9s a prop teu!<\/h2>\t\t\t\t<\/div>\n\t\t\t\t<\/div>\n\t\t\t\t<div class=\"elementor-element elementor-element-a67cbbf elementor-widget elementor-widget-text-editor\" data-id=\"a67cbbf\" data-element_type=\"widget\" data-e-type=\"widget\" data-widget_type=\"text-editor.default\">\n\t\t\t\t<div class=\"elementor-widget-container\">\n\t\t\t\t\t\t\t\t\t<p><span style=\"font-weight: 400;\">MapESS \u00e9s una sala immersiva dins de l\u2019Espai JovESS. Podr\u00e0s navegar pels diferents mapes existents de refer\u00e8ncia sobre l\u2019ESS i el cooperativisme.\u00a0<\/span><span style=\"font-weight: 400;\">Et podr\u00e0s confeccionar un llistat de llocs i comer\u00e7os que t\u2019interessen i endur-te un mapa personalitzat amb els teus punts d\u2019inter\u00e8s. <\/span><\/p>\t\t\t\t\t\t\t\t<\/div>\n\t\t\t\t<\/div>\n\t\t\t\t<\/div>\n\t\t<div class=\"elementor-element elementor-element-b24f380 e-con-full e-flex e-con e-child\" data-id=\"b24f380\" data-element_type=\"container\" data-e-type=\"container\" data-settings=\"{&quot;background_background&quot;:&quot;classic&quot;}\">\n\t\t\t\t<\/div>\n\t\t\t\t<\/div>\n\t\t<div class=\"elementor-element elementor-element-374e8eb e-con-full e-flex e-con e-parent\" data-id=\"374e8eb\" data-element_type=\"container\" data-e-type=\"container\" data-settings=\"{&quot;background_background&quot;:&quot;classic&quot;}\">\n\t\t<div class=\"elementor-element elementor-element-ab77473 e-con-full e-flex e-con e-child\" data-id=\"ab77473\" data-element_type=\"container\" data-e-type=\"container\" data-settings=\"{&quot;background_background&quot;:&quot;classic&quot;}\">\n\t\t\t\t<div class=\"elementor-element elementor-element-8dab276 elementor-view-default elementor-widget elementor-widget-icon\" data-id=\"8dab276\" data-element_type=\"widget\" data-e-type=\"widget\" data-widget_type=\"icon.default\">\n\t\t\t\t<div class=\"elementor-widget-container\">\n\t\t\t\t\t\t\t<div class=\"elementor-icon-wrapper\">\n\t\t\t<div class=\"elementor-icon\">\n\t\t\t<svg xmlns=\"http:\/\/www.w3.org\/2000\/svg\" viewBox=\"0 0 512 512\"><path d=\"M248 0l16 0 0 48 184 0 64 72-64 72-184 0 0 48 200 0 16 0 0 16 0 112 0 16-16 0-200 0 0 128-16 0 0-128L64 384 0 312l64-72 184 0 0-48L48 192l-16 0 0-16L32 64l0-16 16 0 200 0 0-48zM440.8 64L48 64l0 112 392.8 0 49.8-56L440.8 64zM71.2 256L21.4 312l49.8 56L464 368l0-112L71.2 256z\"><\/path><\/svg>\t\t\t<\/div>\n\t\t<\/div>\n\t\t\t\t\t\t<\/div>\n\t\t\t\t<\/div>\n\t\t\t\t<\/div>\n\t\t<div class=\"elementor-element elementor-element-9cffec6 e-con-full e-flex e-con e-child\" data-id=\"9cffec6\" data-element_type=\"container\" data-e-type=\"container\" data-settings=\"{&quot;background_background&quot;:&quot;classic&quot;}\">\n\t\t\t\t<div class=\"elementor-element elementor-element-5652aad elementor-widget__width-inherit elementor-widget elementor-widget-heading\" data-id=\"5652aad\" data-element_type=\"widget\" data-e-type=\"widget\" data-widget_type=\"heading.default\">\n\t\t\t\t<div class=\"elementor-widget-container\">\n\t\t\t\t\t<p class=\"elementor-heading-title elementor-size-default\">MAPESS<\/p>\t\t\t\t<\/div>\n\t\t\t\t<\/div>\n\t\t\t\t<div class=\"elementor-element elementor-element-812d369 elementor-widget elementor-widget-heading\" data-id=\"812d369\" data-element_type=\"widget\" data-e-type=\"widget\" data-widget_type=\"heading.default\">\n\t\t\t\t<div class=\"elementor-widget-container\">\n\t\t\t\t\t<h3 class=\"elementor-heading-title elementor-size-default\">Una eina per cercar a prop teu comer\u00e7os m\u00e9s justos, entitats m\u00e9s democr\u00e0tiques i projectes de transformaci\u00f3 econ\u00f2mica i social.<\/h3>\t\t\t\t<\/div>\n\t\t\t\t<\/div>\n\t\t\t\t<div class=\"elementor-element elementor-element-f975b65 elementor-widget elementor-widget-text-editor\" data-id=\"f975b65\" data-element_type=\"widget\" data-e-type=\"widget\" data-widget_type=\"text-editor.default\">\n\t\t\t\t<div class=\"elementor-widget-container\">\n\t\t\t\t\t\t\t\t\t<p><span style=\"font-weight: 400;\">Vols saber si a prop teu hi ha alguna alternativa per consumir productes frescos, de temporada i de proximitat? Et fa falta una pe\u00e7a de roba i est\u00e0s cansada de donar la teva pasta a grans corporacions i multinacionals que es mengen el mercat local?\u00a0<\/span><\/p><p><span style=\"font-weight: 400;\">Amb aquesta eina et proposem investigar els mapes virtuals dels comer\u00e7os i projectes on pots trobar productes i serveis que tenen en compte principis i valors que per a tu s\u00f3n importants. <\/span><\/p>\t\t\t\t\t\t\t\t<\/div>\n\t\t\t\t<\/div>\n\t\t\t\t<\/div>\n\t\t\t\t<\/div>\n\t\t<div class=\"elementor-element elementor-element-a8799df e-con-full e-flex e-con e-parent\" data-id=\"a8799df\" data-element_type=\"container\" data-e-type=\"container\" data-settings=\"{&quot;background_background&quot;:&quot;classic&quot;}\">\n\t\t<div class=\"elementor-element elementor-element-a994956 e-con-full e-flex e-con e-child\" data-id=\"a994956\" data-element_type=\"container\" data-e-type=\"container\">\n\t\t\t\t<div class=\"elementor-element elementor-element-aa7dfe0 elementor-widget__width-inherit elementor-widget elementor-widget-heading\" data-id=\"aa7dfe0\" data-element_type=\"widget\" data-e-type=\"widget\" data-widget_type=\"heading.default\">\n\t\t\t\t<div class=\"elementor-widget-container\">\n\t\t\t\t\t<p class=\"elementor-heading-title elementor-size-default\">Altres eines<\/p>\t\t\t\t<\/div>\n\t\t\t\t<\/div>\n\t\t\t\t<\/div>\n\t\t<div class=\"elementor-element elementor-element-3c1918a e-con-full e-flex e-con e-child\" data-id=\"3c1918a\" data-element_type=\"container\" data-e-type=\"container\">\n\t\t<a class=\"elementor-element elementor-element-dc22899 e-con-full e-flex e-con e-child\" data-id=\"dc22899\" data-element_type=\"container\" data-e-type=\"container\" data-settings=\"{&quot;background_background&quot;:&quot;classic&quot;}\" href=\"https:\/\/bloc4.coop\/jovess\/eines\/caffess\/\">\n\t\t\t\t<div class=\"elementor-element elementor-element-6e37afd elementor-widget__width-inherit elementor-widget elementor-widget-heading\" data-id=\"6e37afd\" data-element_type=\"widget\" data-e-type=\"widget\" data-widget_type=\"heading.default\">\n\t\t\t\t<div class=\"elementor-widget-container\">\n\t\t\t\t\t<p class=\"elementor-heading-title elementor-size-default\">CAFFESS<\/p>\t\t\t\t<\/div>\n\t\t\t\t<\/div>\n\t\t\t\t<div class=\"elementor-element elementor-element-37e4799 elementor-widget-mobile__width-inherit elementor-view-default elementor-widget elementor-widget-icon\" data-id=\"37e4799\" data-element_type=\"widget\" data-e-type=\"widget\" data-widget_type=\"icon.default\">\n\t\t\t\t<div class=\"elementor-widget-container\">\n\t\t\t\t\t\t\t<div class=\"elementor-icon-wrapper\">\n\t\t\t<div class=\"elementor-icon\">\n\t\t\t<svg xmlns=\"http:\/\/www.w3.org\/2000\/svg\" viewBox=\"0 0 512 512\"><path d=\"M80 8l0-8L64 0l0 8c0 27.3 5.1 45.2 13.6 57.9C86 78.4 97.1 85 106.7 90.6l.4 .3c9.9 5.9 18.2 10.9 24.4 20.1c6.2 9.2 10.9 23.5 10.9 49l0 8 16 0 0-8c0-27.3-5.1-45.2-13.6-57.9c-8.4-12.5-19.5-19.1-29.1-24.7l-.4-.3C105.4 71.2 97.1 66.2 90.9 57C84.7 47.8 80 33.5 80 8zM209.6 8l0-8-16 0 0 8c0 27.3 5.1 45.2 13.6 57.9c8.4 12.5 19.5 19.1 29.1 24.7l.4 .3c9.9 5.9 18.2 10.9 24.4 20.1c6.2 9.2 10.9 23.5 10.9 49l0 8 16 0 0-8c0-27.3-5.1-45.2-13.6-57.9C266 89.6 254.9 83 245.3 77.4l-.4-.3C235 71.2 226.7 66.2 220.5 57c-6.2-9.2-10.9-23.5-10.9-49zM344 208l24 0 0 288L16 496l0-288 328 0zm40 176l0-176 24 0c48.6 0 88 39.4 88 88s-39.4 88-88 88l-24 0zm0 112l0-96 24 0c57.4 0 104-46.6 104-104s-46.6-104-104-104l-24 0-16 0-24 0L16 192 0 192l0 16L0 496l0 16 16 0 352 0 16 0 0-16z\"><\/path><\/svg>\t\t\t<\/div>\n\t\t<\/div>\n\t\t\t\t\t\t<\/div>\n\t\t\t\t<\/div>\n\t\t\t\t<div class=\"elementor-element elementor-element-7f24826 elementor-widget__width-inherit elementor-widget elementor-widget-heading\" data-id=\"7f24826\" data-element_type=\"widget\" data-e-type=\"widget\" data-widget_type=\"heading.default\">\n\t\t\t\t<div class=\"elementor-widget-container\">\n\t\t\t\t\t<h3 class=\"elementor-heading-title elementor-size-default\">Espai on constru\u00efm un espai segur, de confian\u00e7a i proper, on parlar de tot all\u00f2 que t\u2019inquieta, t\u2019agrada o no en saps tant com voldries. <\/h3>\t\t\t\t<\/div>\n\t\t\t\t<\/div>\n\t\t\t\t<\/a>\n\t\t\t\t<\/div>\n\t\t<div class=\"elementor-element elementor-element-81acc39 e-con-full e-flex e-con e-child\" data-id=\"81acc39\" data-element_type=\"container\" data-e-type=\"container\">\n\t\t<a class=\"elementor-element elementor-element-0dc3a52 e-con-full e-flex e-con e-child\" data-id=\"0dc3a52\" data-element_type=\"container\" data-e-type=\"container\" data-settings=\"{&quot;background_background&quot;:&quot;classic&quot;}\" href=\"https:\/\/bloc4.coop\/jovess\/eines\/glossari\/\">\n\t\t\t\t<div class=\"elementor-element elementor-element-4f60fbf elementor-widget__width-inherit elementor-widget elementor-widget-heading\" data-id=\"4f60fbf\" data-element_type=\"widget\" data-e-type=\"widget\" data-widget_type=\"heading.default\">\n\t\t\t\t<div class=\"elementor-widget-container\">\n\t\t\t\t\t<p class=\"elementor-heading-title elementor-size-default\">Glossari<\/p>\t\t\t\t<\/div>\n\t\t\t\t<\/div>\n\t\t\t\t<div class=\"elementor-element elementor-element-cf86511 elementor-widget-mobile__width-inherit elementor-view-default elementor-widget elementor-widget-icon\" data-id=\"cf86511\" data-element_type=\"widget\" data-e-type=\"widget\" data-widget_type=\"icon.default\">\n\t\t\t\t<div class=\"elementor-widget-container\">\n\t\t\t\t\t\t\t<div class=\"elementor-icon-wrapper\">\n\t\t\t<div class=\"elementor-icon\">\n\t\t\t<svg xmlns=\"http:\/\/www.w3.org\/2000\/svg\" viewBox=\"0 0 512 512\"><path d=\"M160 416l-16 0L16 416 0 416l0-16L0 16 0 0 16 0 496 0l16 0 0 16 0 384 0 16-16 0-192 0L176 501.3 160 512l0-19.2 0-60.8 0-16zm0-16l16 0 0 16 0 66.1 119.1-79.4 4-2.7 4.8 0 192 0 0-384L16 16l0 384 144 0zm8-256l88 0 88 0c4.4 0 8 3.6 8 8s-3.6 8-8 8l-80 0 0 136c0 4.4-3.6 8-8 8s-8-3.6-8-8l0-136-80 0c-4.4 0-8-3.6-8-8s3.6-8 8-8z\"><\/path><\/svg>\t\t\t<\/div>\n\t\t<\/div>\n\t\t\t\t\t\t<\/div>\n\t\t\t\t<\/div>\n\t\t\t\t<div class=\"elementor-element elementor-element-2a4bb6d elementor-widget__width-inherit elementor-widget elementor-widget-heading\" data-id=\"2a4bb6d\" data-element_type=\"widget\" data-e-type=\"widget\" data-widget_type=\"heading.default\">\n\t\t\t\t<div class=\"elementor-widget-container\">\n\t\t\t\t\t<h3 class=\"elementor-heading-title elementor-size-default\">Espai on constru\u00efm un espai segur, de confian\u00e7a i proper, on parlar de tot all\u00f2 que t\u2019inquieta, t\u2019agrada o no en saps tant com voldries. <\/h3>\t\t\t\t<\/div>\n\t\t\t\t<\/div>\n\t\t\t\t<\/a>\n\t\t\t\t<\/div>\n\t\t\t\t<\/div>\n\t\t\t\t<\/div>\n\t\t","protected":false},"excerpt":{"rendered":"<p>Tornar a eines Apropa\u2019t a l\u2019Espai JovESS i descobreix tot all\u00f2 que t\u2019interessa i que \u00e9s a prop teu! MapESS \u00e9s una sala immersiva dins de l\u2019Espai JovESS. Podr\u00e0s navegar pels diferents mapes existents de refer\u00e8ncia sobre l\u2019ESS i el cooperativisme.\u00a0Et podr\u00e0s confeccionar un llistat de llocs i comer\u00e7os que t\u2019interessen i endur-te un mapa [&hellip;]<\/p>\n","protected":false},"author":1,"featured_media":0,"parent":1666,"menu_order":0,"comment_status":"closed","ping_status":"closed","template":"","meta":{"_acf_changed":false,"footnotes":""},"class_list":["post-1349","page","type-page","status-publish","hentry"],"acf":[],"_links":{"self":[{"href":"https:\/\/bloc4.coop\/jovess\/wp-json\/wp\/v2\/pages\/1349","targetHints":{"allow":["GET"]}}],"collection":[{"href":"https:\/\/bloc4.coop\/jovess\/wp-json\/wp\/v2\/pages"}],"about":[{"href":"https:\/\/bloc4.coop\/jovess\/wp-json\/wp\/v2\/types\/page"}],"author":[{"embeddable":true,"href":"https:\/\/bloc4.coop\/jovess\/wp-json\/wp\/v2\/users\/1"}],"replies":[{"embeddable":true,"href":"https:\/\/bloc4.coop\/jovess\/wp-json\/wp\/v2\/comments?post=1349"}],"version-history":[{"count":103,"href":"https:\/\/bloc4.coop\/jovess\/wp-json\/wp\/v2\/pages\/1349\/revisions"}],"predecessor-version":[{"id":2715,"href":"https:\/\/bloc4.coop\/jovess\/wp-json\/wp\/v2\/pages\/1349\/revisions\/2715"}],"up":[{"embeddable":true,"href":"https:\/\/bloc4.coop\/jovess\/wp-json\/wp\/v2\/pages\/1666"}],"wp:attachment":[{"href":"https:\/\/bloc4.coop\/jovess\/wp-json\/wp\/v2\/media?parent=1349"}],"curies":[{"name":"wp","href":"https:\/\/api.w.org\/{rel}","templated":true}]}}