{"id":2238,"date":"2025-06-23T16:19:33","date_gmt":"2025-06-23T16:19:33","guid":{"rendered":"https:\/\/bloc4.coop\/jovess\/?page_id=2238"},"modified":"2026-01-16T09:20:34","modified_gmt":"2026-01-16T09:20:34","slug":"ajudes","status":"publish","type":"page","link":"https:\/\/bloc4.coop\/jovess\/eines\/caffess\/ajudes\/","title":{"rendered":"Ajudes"},"content":{"rendered":"\t\t<div data-elementor-type=\"wp-page\" data-elementor-id=\"2238\" class=\"elementor elementor-2238\" data-elementor-post-type=\"page\">\n\t\t\t\t<div class=\"elementor-element elementor-element-67b6a55 e-con-full e-flex e-con e-parent\" data-id=\"67b6a55\" data-element_type=\"container\" data-e-type=\"container\" data-settings=\"{&quot;background_background&quot;:&quot;classic&quot;}\">\n\t\t<div class=\"elementor-element elementor-element-b403b09 e-flex e-con-boxed e-con e-child\" data-id=\"b403b09\" data-element_type=\"container\" data-e-type=\"container\">\n\t\t\t\t\t<div class=\"e-con-inner\">\n\t\t<div class=\"elementor-element elementor-element-81114ff e-con-full e-flex e-con e-child\" data-id=\"81114ff\" data-element_type=\"container\" data-e-type=\"container\">\n\t\t\t\t<div class=\"elementor-element elementor-element-910a000 elementor-widget__width-inherit elementor-widget elementor-widget-heading\" data-id=\"910a000\" data-element_type=\"widget\" data-e-type=\"widget\" data-widget_type=\"heading.default\">\n\t\t\t\t<div class=\"elementor-widget-container\">\n\t\t\t\t\t<h1 class=\"elementor-heading-title elementor-size-default\">Ajudes<\/h1>\t\t\t\t<\/div>\n\t\t\t\t<\/div>\n\t\t\t\t<div class=\"elementor-element elementor-element-ad42dbc elementor-widget__width-inherit elementor-widget elementor-widget-heading\" data-id=\"ad42dbc\" data-element_type=\"widget\" data-e-type=\"widget\" data-widget_type=\"heading.default\">\n\t\t\t\t<div class=\"elementor-widget-container\">\n\t\t\t\t\t<h2 class=\"elementor-heading-title elementor-size-default\">Segurament existeixen diverses ajudes que et poden ser \u00fatils per enjegar el teu projecte o guiar-te en el teu futur. <\/h2>\t\t\t\t<\/div>\n\t\t\t\t<\/div>\n\t\t\t\t<\/div>\n\t\t\t\t\t<\/div>\n\t\t\t\t<\/div>\n\t\t\t\t<\/div>\n\t\t<div class=\"elementor-element elementor-element-0af5450 e-con-full e-flex e-con e-parent\" data-id=\"0af5450\" data-element_type=\"container\" data-e-type=\"container\" data-settings=\"{&quot;background_background&quot;:&quot;classic&quot;}\">\n\t\t\t\t<div class=\"elementor-element elementor-element-60bd889 elementor-grid-tablet-1 elementor-grid-3 elementor-grid-mobile-1 elementor-widget elementor-widget-loop-grid\" data-id=\"60bd889\" data-element_type=\"widget\" data-e-type=\"widget\" data-settings=\"{&quot;template_id&quot;:2244,&quot;masonry&quot;:&quot;yes&quot;,&quot;row_gap&quot;:{&quot;unit&quot;:&quot;rem&quot;,&quot;size&quot;:34,&quot;sizes&quot;:[]},&quot;row_gap_tablet&quot;:{&quot;unit&quot;:&quot;rem&quot;,&quot;size&quot;:2,&quot;sizes&quot;:[]},&quot;row_gap_mobile&quot;:{&quot;unit&quot;:&quot;rem&quot;,&quot;size&quot;:2,&quot;sizes&quot;:[]},&quot;columns_tablet&quot;:1,&quot;_skin&quot;:&quot;post&quot;,&quot;columns&quot;:&quot;3&quot;,&quot;columns_mobile&quot;:&quot;1&quot;,&quot;edit_handle_selector&quot;:&quot;[data-elementor-type=\\&quot;loop-item\\&quot;]&quot;}\" data-widget_type=\"loop-grid.post\">\n\t\t\t\t<div class=\"elementor-widget-container\">\n\t\t\t\t\t\t\t<div class=\"elementor-loop-container elementor-grid\" role=\"list\">\n\t\t<style id=\"loop-2244\">.elementor-2244 .elementor-element.elementor-element-df8a638{--display:flex;--justify-content:flex-start;--gap:2rem 2rem;--row-gap:2rem;--column-gap:2rem;border-style:solid;--border-style:solid;border-width:2px 2px 2px 2px;--border-top-width:2px;--border-right-width:2px;--border-bottom-width:2px;--border-left-width:2px;border-color:var( --e-global-color-secondary );--border-color:var( --e-global-color-secondary );--padding-top:2rem;--padding-bottom:2rem;--padding-left:2rem;--padding-right:2rem;}.elementor-2244 .elementor-element.elementor-element-df8a638:not(.elementor-motion-effects-element-type-background), .elementor-2244 .elementor-element.elementor-element-df8a638 > .elementor-motion-effects-container > .elementor-motion-effects-layer{background-color:var( --e-global-color-c1b8151 );}.elementor-widget-image .widget-image-caption{color:var( --e-global-color-text );font-family:var( --e-global-typography-text-font-family ), Sans-serif;font-weight:var( --e-global-typography-text-font-weight );}.elementor-2244 .elementor-element.elementor-element-08859c6 img{height:125px;object-fit:contain;object-position:center center;border-radius:0px 0px 0px 0px;}.elementor-widget-text-editor{font-family:var( --e-global-typography-text-font-family ), Sans-serif;font-weight:var( --e-global-typography-text-font-weight );color:var( --e-global-color-text );}.elementor-widget-text-editor.elementor-drop-cap-view-stacked .elementor-drop-cap{background-color:var( --e-global-color-primary );}.elementor-widget-text-editor.elementor-drop-cap-view-framed .elementor-drop-cap, .elementor-widget-text-editor.elementor-drop-cap-view-default .elementor-drop-cap{color:var( --e-global-color-primary );border-color:var( --e-global-color-primary );}.elementor-2244 .elementor-element.elementor-element-1b8b279{font-family:\"Cabin\", Sans-serif;font-size:1.1rem;font-weight:400;line-height:1.3em;color:var( --e-global-color-secondary );}.elementor-2244 .elementor-element.elementor-element-c20b9a4{font-family:\"Cabin\", Sans-serif;font-size:1.1rem;font-weight:500;line-height:1.3em;color:var( --e-global-color-secondary );}.elementor-2244 .elementor-element.elementor-element-062a542{--display:flex;--min-height:100px;--justify-content:center;--align-items:center;--container-widget-width:calc( ( 1 - var( --container-widget-flex-grow ) ) * 100% );--gap:1px 1px;--row-gap:1px;--column-gap:1px;--background-transition:0.3s;border-style:solid;--border-style:solid;border-width:2px 2px 2px 2px;--border-top-width:2px;--border-right-width:2px;--border-bottom-width:2px;--border-left-width:2px;border-color:var( --e-global-color-secondary );--border-color:var( --e-global-color-secondary );box-shadow:-10px 10px 0px 0px #000000;}.elementor-2244 .elementor-element.elementor-element-062a542:hover{background-color:var( --e-global-color-040a7a0 );box-shadow:0px 0px 0px 0px rgba(0,0,0,0.5);}.elementor-widget-heading .elementor-heading-title{font-family:var( --e-global-typography-primary-font-family ), Sans-serif;font-weight:var( --e-global-typography-primary-font-weight );color:var( --e-global-color-primary );}.elementor-2244 .elementor-element.elementor-element-7236bad{text-align:center;width:100%;max-width:100%;}.elementor-2244 .elementor-element.elementor-element-7236bad .elementor-heading-title{font-family:\"Cabin\", Sans-serif;font-size:1.3em;font-weight:600;line-height:1.3em;color:var( --e-global-color-secondary );}.elementor-2244 .elementor-element.elementor-element-ac369bb{text-align:center;font-family:\"Cabin\", Sans-serif;font-size:0.9rem;font-weight:400;text-transform:uppercase;line-height:1.6em;color:var( --e-global-color-secondary );}.elementor-2244 .elementor-element.elementor-element-ac369bb > .elementor-widget-container{margin:0px 0px -15px 0px;padding:0px 0px 0px 0px;}@media(max-width:767px){.elementor-2244 .elementor-element.elementor-element-df8a638{--gap:1.5rem 1.5rem;--row-gap:1.5rem;--column-gap:1.5rem;--padding-top:1.5rem;--padding-bottom:1.5rem;--padding-left:1.5rem;--padding-right:1.5rem;}.elementor-2244 .elementor-element.elementor-element-c20b9a4{font-size:1rem;}.elementor-2244 .elementor-element.elementor-element-7236bad .elementor-heading-title{font-size:1.3em;}.elementor-2244 .elementor-element.elementor-element-ac369bb{font-size:0.8rem;}}<\/style>\t\t<div data-elementor-type=\"loop-item\" data-elementor-id=\"2244\" class=\"elementor elementor-2244 e-loop-item e-loop-item-2187 post-2187 caffess type-caffess status-publish has-post-thumbnail hentry tipus-caffess-ajudes\" data-elementor-post-type=\"elementor_library\" data-custom-edit-handle=\"1\">\n\t\t\t<div class=\"elementor-element elementor-element-df8a638 e-con-full e-flex e-con e-child\" data-id=\"df8a638\" data-element_type=\"container\" data-e-type=\"container\" data-settings=\"{&quot;background_background&quot;:&quot;classic&quot;}\">\n\t\t\t\t<div class=\"elementor-element elementor-element-08859c6 elementor-widget elementor-widget-image\" data-id=\"08859c6\" data-element_type=\"widget\" data-e-type=\"widget\" data-widget_type=\"image.default\">\n\t\t\t\t<div class=\"elementor-widget-container\">\n\t\t\t\t\t\t\t\t\t\t\t\t\t\t\t<img decoding=\"async\" width=\"217\" height=\"217\" src=\"https:\/\/bloc4.coop\/jovess\/wp-content\/uploads\/LOGO-AYUNTAMIENTO-BARCELONA.png\" class=\"attachment-medium_large size-medium_large wp-image-2188\" alt=\"\" srcset=\"https:\/\/bloc4.coop\/jovess\/wp-content\/uploads\/LOGO-AYUNTAMIENTO-BARCELONA.png 217w, https:\/\/bloc4.coop\/jovess\/wp-content\/uploads\/LOGO-AYUNTAMIENTO-BARCELONA-150x150.png 150w\" sizes=\"(max-width: 217px) 100vw, 217px\" \/>\t\t\t\t\t\t\t\t\t\t\t\t\t\t\t<\/div>\n\t\t\t\t<\/div>\n\t\t\t\t<div class=\"elementor-element elementor-element-1b8b279 elementor-widget elementor-widget-text-editor\" data-id=\"1b8b279\" data-element_type=\"widget\" data-e-type=\"widget\" data-widget_type=\"text-editor.default\">\n\t\t\t\t<div class=\"elementor-widget-container\">\n\t\t\t\t\t\t\t\t\tAjuntament t\u00e9 una \u00e0mplia oferta de subvencions que van des de les accions socials fins al comer\u00e7, passant per les pol\u00edtiques de joventut. \t\t\t\t\t\t\t\t<\/div>\n\t\t\t\t<\/div>\n\t\t<a class=\"elementor-element elementor-element-062a542 e-con-full e-flex e-con e-child\" data-id=\"062a542\" data-element_type=\"container\" data-e-type=\"container\" href=\"https:\/\/ajuntament.barcelona.cat\/ca\/informacio-administrativa\/subvencions\" target=\"_blank\" rel=\"noopener noreferrer nofollow\">\n\t\t\t\t<div class=\"elementor-element elementor-element-7236bad elementor-widget__width-inherit elementor-widget elementor-widget-heading\" data-id=\"7236bad\" data-element_type=\"widget\" data-e-type=\"widget\" data-widget_type=\"heading.default\">\n\t\t\t\t<div class=\"elementor-widget-container\">\n\t\t\t\t\t<p class=\"elementor-heading-title elementor-size-default\">Subvencions &#8211; Ajuntament de Barcelona<\/p>\t\t\t\t<\/div>\n\t\t\t\t<\/div>\n\t\t\t\t<div class=\"elementor-element elementor-element-ac369bb elementor-widget elementor-widget-text-editor\" data-id=\"ac369bb\" data-element_type=\"widget\" data-e-type=\"widget\" data-widget_type=\"text-editor.default\">\n\t\t\t\t<div class=\"elementor-widget-container\">\n\t\t\t\t\t\t\t\t\t<div data-id=\"0f8cee5\" data-element_type=\"widget\" data-widget_type=\"text-editor.default\"><div><p>M\u00e9s informaci\u00f3<\/p><\/div><\/div>\t\t\t\t\t\t\t\t<\/div>\n\t\t\t\t<\/div>\n\t\t\t\t<\/a>\n\t\t\t\t<\/div>\n\t\t\t\t<\/div>\n\t\t\t\t<div data-elementor-type=\"loop-item\" data-elementor-id=\"2244\" class=\"elementor elementor-2244 e-loop-item e-loop-item-2185 post-2185 caffess type-caffess status-publish has-post-thumbnail hentry tipus-caffess-ajudes\" data-elementor-post-type=\"elementor_library\" data-custom-edit-handle=\"1\">\n\t\t\t<div class=\"elementor-element elementor-element-df8a638 e-con-full e-flex e-con e-child\" data-id=\"df8a638\" data-element_type=\"container\" data-e-type=\"container\" data-settings=\"{&quot;background_background&quot;:&quot;classic&quot;}\">\n\t\t\t\t<div class=\"elementor-element elementor-element-08859c6 elementor-widget elementor-widget-image\" data-id=\"08859c6\" data-element_type=\"widget\" data-e-type=\"widget\" data-widget_type=\"image.default\">\n\t\t\t\t<div class=\"elementor-widget-container\">\n\t\t\t\t\t\t\t\t\t\t\t\t\t\t\t<img fetchpriority=\"high\" decoding=\"async\" width=\"400\" height=\"400\" src=\"https:\/\/bloc4.coop\/jovess\/wp-content\/uploads\/Xarxanet-logo.png\" class=\"attachment-medium_large size-medium_large wp-image-2186\" alt=\"\" srcset=\"https:\/\/bloc4.coop\/jovess\/wp-content\/uploads\/Xarxanet-logo.png 400w, https:\/\/bloc4.coop\/jovess\/wp-content\/uploads\/Xarxanet-logo-300x300.png 300w, https:\/\/bloc4.coop\/jovess\/wp-content\/uploads\/Xarxanet-logo-150x150.png 150w\" sizes=\"(max-width: 400px) 100vw, 400px\" \/>\t\t\t\t\t\t\t\t\t\t\t\t\t\t\t<\/div>\n\t\t\t\t<\/div>\n\t\t\t\t<div class=\"elementor-element elementor-element-1b8b279 elementor-widget elementor-widget-text-editor\" data-id=\"1b8b279\" data-element_type=\"widget\" data-e-type=\"widget\" data-widget_type=\"text-editor.default\">\n\t\t\t\t<div class=\"elementor-widget-container\">\n\t\t\t\t\t\t\t\t\tPremis, subvencions, ajudes&#8230;\t\t\t\t\t\t\t\t<\/div>\n\t\t\t\t<\/div>\n\t\t<a class=\"elementor-element elementor-element-062a542 e-con-full e-flex e-con e-child\" data-id=\"062a542\" data-element_type=\"container\" data-e-type=\"container\" href=\"https:\/\/xarxanet.org\/financament\" target=\"_blank\" rel=\"noopener noreferrer nofollow\">\n\t\t\t\t<div class=\"elementor-element elementor-element-7236bad elementor-widget__width-inherit elementor-widget elementor-widget-heading\" data-id=\"7236bad\" data-element_type=\"widget\" data-e-type=\"widget\" data-widget_type=\"heading.default\">\n\t\t\t\t<div class=\"elementor-widget-container\">\n\t\t\t\t\t<p class=\"elementor-heading-title elementor-size-default\">Xarxanet &#8211; Financament<\/p>\t\t\t\t<\/div>\n\t\t\t\t<\/div>\n\t\t\t\t<div class=\"elementor-element elementor-element-ac369bb elementor-widget elementor-widget-text-editor\" data-id=\"ac369bb\" data-element_type=\"widget\" data-e-type=\"widget\" data-widget_type=\"text-editor.default\">\n\t\t\t\t<div class=\"elementor-widget-container\">\n\t\t\t\t\t\t\t\t\t<div data-id=\"0f8cee5\" data-element_type=\"widget\" data-widget_type=\"text-editor.default\"><div><p>M\u00e9s informaci\u00f3<\/p><\/div><\/div>\t\t\t\t\t\t\t\t<\/div>\n\t\t\t\t<\/div>\n\t\t\t\t<\/a>\n\t\t\t\t<\/div>\n\t\t\t\t<\/div>\n\t\t\t\t<\/div>\n\t\t\n\t\t\t\t\t\t<\/div>\n\t\t\t\t<\/div>\n\t\t\t\t<div class=\"elementor-element elementor-element-cbca843 elementor-widget__width-inherit elementor-widget elementor-widget-heading\" data-id=\"cbca843\" data-element_type=\"widget\" data-e-type=\"widget\" data-widget_type=\"heading.default\">\n\t\t\t\t<div class=\"elementor-widget-container\">\n\t\t\t\t\t<p class=\"elementor-heading-title elementor-size-default\"><a href=\"https:\/\/bloc4.coop\/jovess\/eines\/caffess\/\">Tornar a CAFFESS<\/a><\/p>\t\t\t\t<\/div>\n\t\t\t\t<\/div>\n\t\t\t\t<\/div>\n\t\t\t\t<\/div>\n\t\t","protected":false},"excerpt":{"rendered":"<p>Segurament existeixen diverses ajudes que et poden ser \u00fatils per enjegar el teu projecte o guiar-te en el teu futur. Tornar a CAFFESS<\/p>\n","protected":false},"author":1,"featured_media":0,"parent":1673,"menu_order":0,"comment_status":"closed","ping_status":"closed","template":"","meta":{"_acf_changed":false,"footnotes":""},"class_list":["post-2238","page","type-page","status-publish","hentry"],"acf":[],"_links":{"self":[{"href":"https:\/\/bloc4.coop\/jovess\/wp-json\/wp\/v2\/pages\/2238","targetHints":{"allow":["GET"]}}],"collection":[{"href":"https:\/\/bloc4.coop\/jovess\/wp-json\/wp\/v2\/pages"}],"about":[{"href":"https:\/\/bloc4.coop\/jovess\/wp-json\/wp\/v2\/types\/page"}],"author":[{"embeddable":true,"href":"https:\/\/bloc4.coop\/jovess\/wp-json\/wp\/v2\/users\/1"}],"replies":[{"embeddable":true,"href":"https:\/\/bloc4.coop\/jovess\/wp-json\/wp\/v2\/comments?post=2238"}],"version-history":[{"count":52,"href":"https:\/\/bloc4.coop\/jovess\/wp-json\/wp\/v2\/pages\/2238\/revisions"}],"predecessor-version":[{"id":2700,"href":"https:\/\/bloc4.coop\/jovess\/wp-json\/wp\/v2\/pages\/2238\/revisions\/2700"}],"up":[{"embeddable":true,"href":"https:\/\/bloc4.coop\/jovess\/wp-json\/wp\/v2\/pages\/1673"}],"wp:attachment":[{"href":"https:\/\/bloc4.coop\/jovess\/wp-json\/wp\/v2\/media?parent=2238"}],"curies":[{"name":"wp","href":"https:\/\/api.w.org\/{rel}","templated":true}]}}